{"id":110,"date":"2023-10-26T21:36:15","date_gmt":"2023-10-26T19:36:15","guid":{"rendered":"http:\/\/staniak-catering.pl\/?page_id=110"},"modified":"2024-01-05T08:16:06","modified_gmt":"2024-01-05T07:16:06","slug":"menu","status":"publish","type":"page","link":"http:\/\/staniak-catering.pl\/?page_id=110","title":{"rendered":"Menu"},"content":{"rendered":"\t\t<div data-elementor-type=\"wp-page\" data-elementor-id=\"110\" class=\"elementor elementor-110\" data-elementor-post-type=\"page\">\n\t\t\t\t\t\t\t\t\t<section class=\"elementor-section elementor-top-section elementor-element elementor-element-aa4db1f elementor-section-boxed elementor-section-height-default elementor-section-height-default\" data-id=\"aa4db1f\" data-element_type=\"section\" data-settings=\"{&quot;background_background&quot;:&quot;classic&quot;}\">\n\t\t\t\t\t\t<div class=\"elementor-container elementor-column-gap-default\">\n\t\t\t\t\t<div class=\"elementor-column elementor-col-100 elementor-top-column elementor-element elementor-element-514961c\" data-id=\"514961c\" data-element_type=\"column\">\n\t\t\t<div class=\"elementor-widget-wrap elementor-element-populated\">\n\t\t\t\t\t\t\t\t<div class=\"elementor-element elementor-element-d9b0070 elementor-widget elementor-widget-heading\" data-id=\"d9b0070\" data-element_type=\"widget\" data-widget_type=\"heading.default\">\n\t\t\t\t<div class=\"elementor-widget-container\">\n\t\t\t<style>\/*! elementor - v3.18.0 - 20-12-2023 *\/\n.elementor-heading-title{padding:0;margin:0;line-height:1}.elementor-widget-heading .elementor-heading-title[class*=elementor-size-]>a{color:inherit;font-size:inherit;line-height:inherit}.elementor-widget-heading .elementor-heading-title.elementor-size-small{font-size:15px}.elementor-widget-heading .elementor-heading-title.elementor-size-medium{font-size:19px}.elementor-widget-heading .elementor-heading-title.elementor-size-large{font-size:29px}.elementor-widget-heading .elementor-heading-title.elementor-size-xl{font-size:39px}.elementor-widget-heading .elementor-heading-title.elementor-size-xxl{font-size:59px}<\/style><h2 class=\"elementor-heading-title elementor-size-default\">Przyk\u0142adowe menu<\/h2>\t\t<\/div>\n\t\t\t\t<\/div>\n\t\t\t\t<section class=\"elementor-section elementor-inner-section elementor-element elementor-element-cc6f40f elementor-section-boxed elementor-section-height-default elementor-section-height-default\" data-id=\"cc6f40f\" data-element_type=\"section\">\n\t\t\t\t\t\t<div class=\"elementor-container elementor-column-gap-default\">\n\t\t\t\t\t<div class=\"elementor-column elementor-col-50 elementor-inner-column elementor-element elementor-element-ff282af\" data-id=\"ff282af\" data-element_type=\"column\">\n\t\t\t<div class=\"elementor-widget-wrap elementor-element-populated\">\n\t\t\t\t\t\t\t\t<div class=\"elementor-element elementor-element-6871ef1 elementor-widget elementor-widget-heading\" data-id=\"6871ef1\" data-element_type=\"widget\" data-widget_type=\"heading.default\">\n\t\t\t\t<div class=\"elementor-widget-container\">\n\t\t\t<h2 class=\"elementor-heading-title elementor-size-default\">Posi\u0142ki jednodaniowe<\/h2>\t\t<\/div>\n\t\t\t\t<\/div>\n\t\t\t\t<div class=\"elementor-element elementor-element-75cb9fc elementor-widget elementor-widget-text-editor\" data-id=\"75cb9fc\" data-element_type=\"widget\" data-widget_type=\"text-editor.default\">\n\t\t\t\t<div class=\"elementor-widget-container\">\n\t\t\t<style>\/*! elementor - v3.18.0 - 20-12-2023 *\/\n.elementor-widget-text-editor.elementor-drop-cap-view-stacked .elementor-drop-cap{background-color:#69727d;color:#fff}.elementor-widget-text-editor.elementor-drop-cap-view-framed .elementor-drop-cap{color:#69727d;border:3px solid;background-color:transparent}.elementor-widget-text-editor:not(.elementor-drop-cap-view-default) .elementor-drop-cap{margin-top:8px}.elementor-widget-text-editor:not(.elementor-drop-cap-view-default) .elementor-drop-cap-letter{width:1em;height:1em}.elementor-widget-text-editor .elementor-drop-cap{float:left;text-align:center;line-height:1;font-size:50px}.elementor-widget-text-editor .elementor-drop-cap-letter{display:inline-block}<\/style>\t\t\t\t<p>1. Kotlet schabowy, ziemniaki, kapusta zasma\u017cana<br \/>2. Kark\u00f3wka wieprzowa, kasza gryczana ,buraczki na ciep\u0142o<br \/>3. Filet drobiowy panierowany, ziemniaki, marchewka z groszkiem<br \/>4. Stek wieprzowy z cebulk\u0105, ziemniaki, kapusta czerwona na ciep\u0142o<br \/>5. Udko pieczone, ry\u017c, sur\u00f3wka z kapusty bia\u0142ej<br \/>6. Schab w sosie, kopytka, pomidory z cebulk\u0105<br \/>7. Filet z mintaja panierowany, ziemniaki, kapusta kiszona<\/p>\t\t\t\t\t\t<\/div>\n\t\t\t\t<\/div>\n\t\t\t\t\t<\/div>\n\t\t<\/div>\n\t\t\t\t<div class=\"elementor-column elementor-col-50 elementor-inner-column elementor-element elementor-element-dfa764e\" data-id=\"dfa764e\" data-element_type=\"column\">\n\t\t\t<div class=\"elementor-widget-wrap elementor-element-populated\">\n\t\t\t\t\t\t\t\t<div class=\"elementor-element elementor-element-53871dd elementor-widget elementor-widget-heading\" data-id=\"53871dd\" data-element_type=\"widget\" data-widget_type=\"heading.default\">\n\t\t\t\t<div class=\"elementor-widget-container\">\n\t\t\t<h2 class=\"elementor-heading-title elementor-size-default\">Posi\u0142ki dwudaniowe<\/h2>\t\t<\/div>\n\t\t\t\t<\/div>\n\t\t\t\t<div class=\"elementor-element elementor-element-7106c5f elementor-widget elementor-widget-text-editor\" data-id=\"7106c5f\" data-element_type=\"widget\" data-widget_type=\"text-editor.default\">\n\t\t\t\t<div class=\"elementor-widget-container\">\n\t\t\t\t\t\t\t<p>1. Zupa grochowa, kie\u0142basa \u015bl\u0105ska , pieczywo<br \/>2. Krupnik, gulasz z serduszek, pieczywo<br \/>3. Zupa pomidorowa z ry\u017cem, pulpet mielony, pieczywo<br \/>4. Zupa fasolowa z w\u0119dzonym kurczakiem, pieczywo<br \/>5. Bigos ,pieczywo<br \/>6. \u017burek staropolski, jajko, kie\u0142baska bia\u0142a , pieczywo<br \/>7. Flaki wo\u0142owe, pieczywo<br \/>8. Kapu\u015bniak, sztuka mi\u0119sa, pieczywo<\/p>\t\t\t\t\t\t<\/div>\n\t\t\t\t<\/div>\n\t\t\t\t\t<\/div>\n\t\t<\/div>\n\t\t\t\t\t\t\t<\/div>\n\t\t<\/section>\n\t\t\t\t<section class=\"elementor-section elementor-inner-section elementor-element elementor-element-60e1cbb elementor-section-boxed elementor-section-height-default elementor-section-height-default\" data-id=\"60e1cbb\" data-element_type=\"section\">\n\t\t\t\t\t\t<div class=\"elementor-container elementor-column-gap-default\">\n\t\t\t\t\t<div class=\"elementor-column elementor-col-50 elementor-inner-column elementor-element elementor-element-dcf5b0a\" data-id=\"dcf5b0a\" data-element_type=\"column\">\n\t\t\t<div class=\"elementor-widget-wrap elementor-element-populated\">\n\t\t\t\t\t\t\t\t<div class=\"elementor-element elementor-element-c24a7b4 elementor-widget elementor-widget-heading\" data-id=\"c24a7b4\" data-element_type=\"widget\" data-widget_type=\"heading.default\">\n\t\t\t\t<div class=\"elementor-widget-container\">\n\t\t\t<h2 class=\"elementor-heading-title elementor-size-default\">Zupy profilaktyczne z wk\u0142adk\u0105<\/h2>\t\t<\/div>\n\t\t\t\t<\/div>\n\t\t\t\t<div class=\"elementor-element elementor-element-c1ec99d elementor-widget elementor-widget-text-editor\" data-id=\"c1ec99d\" data-element_type=\"widget\" data-widget_type=\"text-editor.default\">\n\t\t\t\t<div class=\"elementor-widget-container\">\n\t\t\t\t\t\t\t<p>1. Zupa grochowa, kie\u0142basa \u015bl\u0105ska , pieczywo<br \/>2. Krupnik, gulasz z serduszek, pieczywo<br \/>3. Zupa pomidorowa z ry\u017cem, pulpet mielony, pieczywo<br \/>4. Zupa fasolowa z w\u0119dzonym kurczakiem, pieczywo<br \/>5. Bigos ,pieczywo<br \/>6. \u017burek staropolski, jajko, kie\u0142baska bia\u0142a , pieczywo<br \/>7. Flaki wo\u0142owe, pieczywo<br \/>8. Kapu\u015bniak, sztuka mi\u0119sa, pieczywo<\/p>\t\t\t\t\t\t<\/div>\n\t\t\t\t<\/div>\n\t\t\t\t\t<\/div>\n\t\t<\/div>\n\t\t\t\t<div class=\"elementor-column elementor-col-50 elementor-inner-column elementor-element elementor-element-f0653c4\" data-id=\"f0653c4\" data-element_type=\"column\">\n\t\t\t<div class=\"elementor-widget-wrap\">\n\t\t\t\t\t\t\t\t\t<\/div>\n\t\t<\/div>\n\t\t\t\t\t\t\t<\/div>\n\t\t<\/section>\n\t\t\t\t\t<\/div>\n\t\t<\/div>\n\t\t\t\t\t\t\t<\/div>\n\t\t<\/section>\n\t\t\t\t<section class=\"elementor-section elementor-top-section elementor-element elementor-element-41f10c9 elementor-section-boxed elementor-section-height-default elementor-section-height-default\" data-id=\"41f10c9\" data-element_type=\"section\" data-settings=\"{&quot;background_background&quot;:&quot;classic&quot;}\">\n\t\t\t\t\t\t<div class=\"elementor-container elementor-column-gap-default\">\n\t\t\t\t\t<div class=\"elementor-column elementor-col-100 elementor-top-column elementor-element elementor-element-172a596\" data-id=\"172a596\" data-element_type=\"column\">\n\t\t\t<div class=\"elementor-widget-wrap elementor-element-populated\">\n\t\t\t\t\t\t\t\t<div class=\"elementor-element elementor-element-edfcae0 elementor-widget elementor-widget-heading\" data-id=\"edfcae0\" data-element_type=\"widget\" data-widget_type=\"heading.default\">\n\t\t\t\t<div class=\"elementor-widget-container\">\n\t\t\t<h2 class=\"elementor-heading-title elementor-size-default\">\u015awiadczone przez nas us\u0142ugi produkcji posi\u0142k\u00f3w regeneracyjnych mog\u0105 mie\u0107 form\u0119 np.:<\/h2>\t\t<\/div>\n\t\t\t\t<\/div>\n\t\t\t\t<div class=\"elementor-element elementor-element-f5f164d elementor-widget elementor-widget-text-editor\" data-id=\"f5f164d\" data-element_type=\"widget\" data-widget_type=\"text-editor.default\">\n\t\t\t\t<div class=\"elementor-widget-container\">\n\t\t\t\t\t\t\t<p>1.Zupa 400 ml<br \/>2 Zupa 500ml + 1\/4 bochenka chleba<br \/>3. Zupa 500ml + wk\u0142adka mi\u0119sna 100g + 1\/4 bochenka chleba<br \/>4. Drugie danie obiadu tj. porcja mi\u0119sa 120g + ziemniaki 300g + sur\u00f3wka 200g<br \/>5. Zupa 500ml + II danie<\/p>\t\t\t\t\t\t<\/div>\n\t\t\t\t<\/div>\n\t\t\t\t<div class=\"elementor-element elementor-element-b705658 elementor-widget elementor-widget-text-editor\" data-id=\"b705658\" data-element_type=\"widget\" data-widget_type=\"text-editor.default\">\n\t\t\t\t<div class=\"elementor-widget-container\">\n\t\t\t\t\t\t\t<p>Jeste\u015bmy partnerem elastycznym \u2013 s\u0142uchamy oczekiwa\u0144, jeste\u015bmy otwarci na nietypowe rozwi\u0105zania dotycz\u0105ce potraw spoza standardowej oferty, ilo\u015bci, godzin dostaw, itp. Realizujemy zam\u00f3wienia jednorazowe i kontraktowe. Indywidualnie ustalamy szczeg\u00f3\u0142y wsp\u00f3\u0142pracy w zakresie menu, terminu dostaw oraz formu\u0142y wydawania potraw. Posi\u0142ki regeneracyjne mo\u017cemy wydawa\u0107 na terenie zak\u0142adu, dostarczy\u0107 w termosach zbiorczych lub opakowaniach jednorazowych.<\/p><p>W bezpo\u015bredniej rozmowie szczeg\u00f3\u0142owo przedstawimy nasz\u0105 ofert\u0119 oraz ch\u0119tnie poznamy Pa\u0144stwa oczekiwania i potrzeby zwi\u0105zane z obs\u0142ug\u0105 cateringow\u0105 waszej firmy. Ceny i asortyment w ofercie dla firm mog\u0105 by\u0107 ustalane indywidualnie. Prosimy o kontakt telefoniczny lub mailowy w celu om\u00f3wienia oferty i warunk\u00f3w wsp\u00f3\u0142pracy, w dogodnym dla Pa\u0144stwa terminie.<\/p>\t\t\t\t\t\t<\/div>\n\t\t\t\t<\/div>\n\t\t\t\t\t<\/div>\n\t\t<\/div>\n\t\t\t\t\t\t\t<\/div>\n\t\t<\/section>\n\t\t\t\t\t\t\t<\/div>\n\t\t","protected":false},"excerpt":{"rendered":"<p>Przyk\u0142adowe menu Posi\u0142ki jednodaniowe 1. Kotlet schabowy, ziemniaki, kapusta zasma\u017cana2. Kark\u00f3wka wieprzowa, kasza gryczana ,buraczki na ciep\u0142o3. Filet drobiowy panierowany, ziemniaki, marchewka z groszkiem4. Stek wieprzowy z cebulk\u0105, ziemniaki, kapusta czerwona na ciep\u0142o5. Udko pieczone, ry\u017c, sur\u00f3wka z kapusty bia\u0142ej6. Schab w sosie, kopytka, pomidory z cebulk\u01057. Filet z mintaja panierowany, ziemniaki, kapusta kiszona Posi\u0142ki [&hellip;]<\/p>\n","protected":false},"author":1,"featured_media":0,"parent":0,"menu_order":0,"comment_status":"closed","ping_status":"closed","template":"","meta":{"footnotes":""},"class_list":["post-110","page","type-page","status-publish","hentry"],"_links":{"self":[{"href":"http:\/\/staniak-catering.pl\/index.php?rest_route=\/wp\/v2\/pages\/110","targetHints":{"allow":["GET"]}}],"collection":[{"href":"http:\/\/staniak-catering.pl\/index.php?rest_route=\/wp\/v2\/pages"}],"about":[{"href":"http:\/\/staniak-catering.pl\/index.php?rest_route=\/wp\/v2\/types\/page"}],"author":[{"embeddable":true,"href":"http:\/\/staniak-catering.pl\/index.php?rest_route=\/wp\/v2\/users\/1"}],"replies":[{"embeddable":true,"href":"http:\/\/staniak-catering.pl\/index.php?rest_route=%2Fwp%2Fv2%2Fcomments&post=110"}],"version-history":[{"count":6,"href":"http:\/\/staniak-catering.pl\/index.php?rest_route=\/wp\/v2\/pages\/110\/revisions"}],"predecessor-version":[{"id":186,"href":"http:\/\/staniak-catering.pl\/index.php?rest_route=\/wp\/v2\/pages\/110\/revisions\/186"}],"wp:attachment":[{"href":"http:\/\/staniak-catering.pl\/index.php?rest_route=%2Fwp%2Fv2%2Fmedia&parent=110"}],"curies":[{"name":"wp","href":"https:\/\/api.w.org\/{rel}","templated":true}]}}